{"id":5805,"date":"2025-10-05T22:12:29","date_gmt":"2025-10-05T22:12:29","guid":{"rendered":"https:\/\/kiavcin.sk\/?post_type=product&#038;p=5805"},"modified":"2025-11-07T17:03:56","modified_gmt":"2025-11-07T17:03:56","slug":"autodiagnostika-napadu","status":"publish","type":"product","link":"https:\/\/backup.kiavcin.sk\/cs\/produkt\/autodiagnostika-napadu\/","title":{"rendered":"Juraj Kov\u00e1\u010d: Autodiagnostika n\u00e1padu, biznisu alebo zna\u010dky"},"content":{"rendered":"","protected":false},"excerpt":{"rendered":"","protected":false},"featured_media":5856,"template":"","meta":[],"product_brand":[],"product_cat":[19],"product_tag":[],"class_list":{"0":"post-5805","1":"product","2":"type-product","3":"status-publish","4":"has-post-thumbnail","6":"product_cat-uncategorized","8":"first","9":"instock","10":"virtual","11":"taxable","12":"purchasable","13":"product-type-simple"},"yoast_head":"<!-- This site is optimized with the Yoast SEO plugin v26.0 - https:\/\/yoast.com\/wordpress\/plugins\/seo\/ -->\n<title>Juraj Kov\u00e1\u010d: Autodiagnostika n\u00e1padu, biznisu alebo zna\u010dky - Ras\u0165o Kiav\u010din<\/title>\n<meta name=\"robots\" content=\"index, follow, max-snippet:-1, max-image-preview:large, max-video-preview:-1\" \/>\n<link rel=\"canonical\" href=\"https:\/\/backup.kiavcin.sk\/cs\/produkt\/autodiagnostika-napadu\/\" \/>\n<meta property=\"og:locale\" content=\"cs_CZ\" \/>\n<meta property=\"og:type\" content=\"article\" \/>\n<meta property=\"og:title\" content=\"Juraj Kov\u00e1\u010d: Autodiagnostika n\u00e1padu, biznisu alebo zna\u010dky - Ras\u0165o Kiav\u010din\" \/>\n<meta property=\"og:url\" content=\"https:\/\/backup.kiavcin.sk\/cs\/produkt\/autodiagnostika-napadu\/\" \/>\n<meta property=\"og:site_name\" content=\"Ras\u0165o Kiav\u010din\" \/>\n<meta property=\"article:modified_time\" content=\"2025-11-07T17:03:56+00:00\" \/>\n<meta property=\"og:image\" content=\"https:\/\/kiavcin.sk\/wp-content\/uploads\/2025\/10\/B-45-10-scaled.png\" \/>\n\t<meta property=\"og:image:width\" content=\"2048\" \/>\n\t<meta property=\"og:image:height\" content=\"2560\" \/>\n\t<meta property=\"og:image:type\" content=\"image\/png\" \/>\n<meta name=\"twitter:card\" content=\"summary_large_image\" \/>\n<script type=\"application\/ld+json\" class=\"yoast-schema-graph\">{\"@context\":\"https:\/\/schema.org\",\"@graph\":[{\"@type\":\"WebPage\",\"@id\":\"https:\/\/backup.kiavcin.sk\/cs\/produkt\/autodiagnostika-napadu\/\",\"url\":\"https:\/\/backup.kiavcin.sk\/cs\/produkt\/autodiagnostika-napadu\/\",\"name\":\"Juraj Kov\u00e1\u010d: Autodiagnostika n\u00e1padu, biznisu alebo zna\u010dky - Ras\u0165o Kiav\u010din\",\"isPartOf\":{\"@id\":\"https:\/\/backup.kiavcin.sk\/cs\/#website\"},\"primaryImageOfPage\":{\"@id\":\"https:\/\/backup.kiavcin.sk\/cs\/produkt\/autodiagnostika-napadu\/#primaryimage\"},\"image\":{\"@id\":\"https:\/\/backup.kiavcin.sk\/cs\/produkt\/autodiagnostika-napadu\/#primaryimage\"},\"thumbnailUrl\":\"https:\/\/backup.kiavcin.sk\/wp-content\/uploads\/2025\/10\/B-45-10-scaled.png\",\"datePublished\":\"2025-10-05T22:12:29+00:00\",\"dateModified\":\"2025-11-07T17:03:56+00:00\",\"breadcrumb\":{\"@id\":\"https:\/\/backup.kiavcin.sk\/cs\/produkt\/autodiagnostika-napadu\/#breadcrumb\"},\"inLanguage\":\"cs\",\"potentialAction\":[{\"@type\":\"ReadAction\",\"target\":[\"https:\/\/backup.kiavcin.sk\/cs\/produkt\/autodiagnostika-napadu\/\"]}]},{\"@type\":\"ImageObject\",\"inLanguage\":\"cs\",\"@id\":\"https:\/\/backup.kiavcin.sk\/cs\/produkt\/autodiagnostika-napadu\/#primaryimage\",\"url\":\"https:\/\/backup.kiavcin.sk\/wp-content\/uploads\/2025\/10\/B-45-10-scaled.png\",\"contentUrl\":\"https:\/\/backup.kiavcin.sk\/wp-content\/uploads\/2025\/10\/B-45-10-scaled.png\",\"width\":2048,\"height\":2560,\"caption\":\"Workshop s Jurajom Kov\u00e1\u010dom z rozbehnisa.sk v Digit\u00e1lcoch u\u017e tento okt\u00f3ber\"},{\"@type\":\"BreadcrumbList\",\"@id\":\"https:\/\/backup.kiavcin.sk\/cs\/produkt\/autodiagnostika-napadu\/#breadcrumb\",\"itemListElement\":[{\"@type\":\"ListItem\",\"position\":1,\"name\":\"Domovsk\u00e1 str\u00e1nka\",\"item\":\"https:\/\/kiavcin.sk\/\"},{\"@type\":\"ListItem\",\"position\":2,\"name\":\"Shop\",\"item\":\"https:\/\/kiavcin.sk\/?page_id=693\"},{\"@type\":\"ListItem\",\"position\":3,\"name\":\"Juraj Kov\u00e1\u010d: Autodiagnostika n\u00e1padu, biznisu alebo zna\u010dky\"}]},{\"@type\":\"WebSite\",\"@id\":\"https:\/\/backup.kiavcin.sk\/cs\/#website\",\"url\":\"https:\/\/backup.kiavcin.sk\/cs\/\",\"name\":\"Ras\u0165o Kiav\u010din\",\"description\":\"\",\"publisher\":{\"@id\":\"https:\/\/backup.kiavcin.sk\/cs\/#organization\"},\"potentialAction\":[{\"@type\":\"SearchAction\",\"target\":{\"@type\":\"EntryPoint\",\"urlTemplate\":\"https:\/\/backup.kiavcin.sk\/cs\/?s={search_term_string}\"},\"query-input\":{\"@type\":\"PropertyValueSpecification\",\"valueRequired\":true,\"valueName\":\"search_term_string\"}}],\"inLanguage\":\"cs\"},{\"@type\":\"Organization\",\"@id\":\"https:\/\/backup.kiavcin.sk\/cs\/#organization\",\"name\":\"Ras\u0165o Kiav\u010din\",\"url\":\"https:\/\/backup.kiavcin.sk\/cs\/\",\"logo\":{\"@type\":\"ImageObject\",\"inLanguage\":\"cs\",\"@id\":\"https:\/\/backup.kiavcin.sk\/cs\/#\/schema\/logo\/image\/\",\"url\":\"https:\/\/backup.kiavcin.sk\/wp-content\/uploads\/2024\/09\/HP-avatar-1.png\",\"contentUrl\":\"https:\/\/backup.kiavcin.sk\/wp-content\/uploads\/2024\/09\/HP-avatar-1.png\",\"width\":491,\"height\":481,\"caption\":\"Ras\u0165o Kiav\u010din\"},\"image\":{\"@id\":\"https:\/\/backup.kiavcin.sk\/cs\/#\/schema\/logo\/image\/\"}}]}<\/script>\n<!-- \/ Yoast SEO plugin. -->","yoast_head_json":{"title":"Juraj Kov\u00e1\u010d: Autodiagnostika n\u00e1padu, biznisu alebo zna\u010dky - Ras\u0165o Kiav\u010din","robots":{"index":"index","follow":"follow","max-snippet":"max-snippet:-1","max-image-preview":"max-image-preview:large","max-video-preview":"max-video-preview:-1"},"canonical":"https:\/\/backup.kiavcin.sk\/cs\/produkt\/autodiagnostika-napadu\/","og_locale":"cs_CZ","og_type":"article","og_title":"Juraj Kov\u00e1\u010d: Autodiagnostika n\u00e1padu, biznisu alebo zna\u010dky - Ras\u0165o Kiav\u010din","og_url":"https:\/\/backup.kiavcin.sk\/cs\/produkt\/autodiagnostika-napadu\/","og_site_name":"Ras\u0165o Kiav\u010din","article_modified_time":"2025-11-07T17:03:56+00:00","og_image":[{"width":2048,"height":2560,"url":"https:\/\/kiavcin.sk\/wp-content\/uploads\/2025\/10\/B-45-10-scaled.png","type":"image\/png"}],"twitter_card":"summary_large_image","schema":{"@context":"https:\/\/schema.org","@graph":[{"@type":"WebPage","@id":"https:\/\/backup.kiavcin.sk\/cs\/produkt\/autodiagnostika-napadu\/","url":"https:\/\/backup.kiavcin.sk\/cs\/produkt\/autodiagnostika-napadu\/","name":"Juraj Kov\u00e1\u010d: Autodiagnostika n\u00e1padu, biznisu alebo zna\u010dky - Ras\u0165o Kiav\u010din","isPartOf":{"@id":"https:\/\/backup.kiavcin.sk\/cs\/#website"},"primaryImageOfPage":{"@id":"https:\/\/backup.kiavcin.sk\/cs\/produkt\/autodiagnostika-napadu\/#primaryimage"},"image":{"@id":"https:\/\/backup.kiavcin.sk\/cs\/produkt\/autodiagnostika-napadu\/#primaryimage"},"thumbnailUrl":"https:\/\/backup.kiavcin.sk\/wp-content\/uploads\/2025\/10\/B-45-10-scaled.png","datePublished":"2025-10-05T22:12:29+00:00","dateModified":"2025-11-07T17:03:56+00:00","breadcrumb":{"@id":"https:\/\/backup.kiavcin.sk\/cs\/produkt\/autodiagnostika-napadu\/#breadcrumb"},"inLanguage":"cs","potentialAction":[{"@type":"ReadAction","target":["https:\/\/backup.kiavcin.sk\/cs\/produkt\/autodiagnostika-napadu\/"]}]},{"@type":"ImageObject","inLanguage":"cs","@id":"https:\/\/backup.kiavcin.sk\/cs\/produkt\/autodiagnostika-napadu\/#primaryimage","url":"https:\/\/backup.kiavcin.sk\/wp-content\/uploads\/2025\/10\/B-45-10-scaled.png","contentUrl":"https:\/\/backup.kiavcin.sk\/wp-content\/uploads\/2025\/10\/B-45-10-scaled.png","width":2048,"height":2560,"caption":"Workshop s Jurajom Kov\u00e1\u010dom z rozbehnisa.sk v Digit\u00e1lcoch u\u017e tento okt\u00f3ber"},{"@type":"BreadcrumbList","@id":"https:\/\/backup.kiavcin.sk\/cs\/produkt\/autodiagnostika-napadu\/#breadcrumb","itemListElement":[{"@type":"ListItem","position":1,"name":"Domovsk\u00e1 str\u00e1nka","item":"https:\/\/kiavcin.sk\/"},{"@type":"ListItem","position":2,"name":"Shop","item":"https:\/\/kiavcin.sk\/?page_id=693"},{"@type":"ListItem","position":3,"name":"Juraj Kov\u00e1\u010d: Autodiagnostika n\u00e1padu, biznisu alebo zna\u010dky"}]},{"@type":"WebSite","@id":"https:\/\/backup.kiavcin.sk\/cs\/#website","url":"https:\/\/backup.kiavcin.sk\/cs\/","name":"Ras\u0165o Kiav\u010din","description":"","publisher":{"@id":"https:\/\/backup.kiavcin.sk\/cs\/#organization"},"potentialAction":[{"@type":"SearchAction","target":{"@type":"EntryPoint","urlTemplate":"https:\/\/backup.kiavcin.sk\/cs\/?s={search_term_string}"},"query-input":{"@type":"PropertyValueSpecification","valueRequired":true,"valueName":"search_term_string"}}],"inLanguage":"cs"},{"@type":"Organization","@id":"https:\/\/backup.kiavcin.sk\/cs\/#organization","name":"Ras\u0165o Kiav\u010din","url":"https:\/\/backup.kiavcin.sk\/cs\/","logo":{"@type":"ImageObject","inLanguage":"cs","@id":"https:\/\/backup.kiavcin.sk\/cs\/#\/schema\/logo\/image\/","url":"https:\/\/backup.kiavcin.sk\/wp-content\/uploads\/2024\/09\/HP-avatar-1.png","contentUrl":"https:\/\/backup.kiavcin.sk\/wp-content\/uploads\/2024\/09\/HP-avatar-1.png","width":491,"height":481,"caption":"Ras\u0165o Kiav\u010din"},"image":{"@id":"https:\/\/backup.kiavcin.sk\/cs\/#\/schema\/logo\/image\/"}}]}},"_links":{"self":[{"href":"https:\/\/backup.kiavcin.sk\/cs\/wp-json\/wp\/v2\/product\/5805","targetHints":{"allow":["GET"]}}],"collection":[{"href":"https:\/\/backup.kiavcin.sk\/cs\/wp-json\/wp\/v2\/product"}],"about":[{"href":"https:\/\/backup.kiavcin.sk\/cs\/wp-json\/wp\/v2\/types\/product"}],"wp:featuredmedia":[{"embeddable":true,"href":"https:\/\/backup.kiavcin.sk\/cs\/wp-json\/wp\/v2\/media\/5856"}],"wp:attachment":[{"href":"https:\/\/backup.kiavcin.sk\/cs\/wp-json\/wp\/v2\/media?parent=5805"}],"wp:term":[{"taxonomy":"product_brand","embeddable":true,"href":"https:\/\/backup.kiavcin.sk\/cs\/wp-json\/wp\/v2\/product_brand?post=5805"},{"taxonomy":"product_cat","embeddable":true,"href":"https:\/\/backup.kiavcin.sk\/cs\/wp-json\/wp\/v2\/product_cat?post=5805"},{"taxonomy":"product_tag","embeddable":true,"href":"https:\/\/backup.kiavcin.sk\/cs\/wp-json\/wp\/v2\/product_tag?post=5805"}],"curies":[{"name":"wp","href":"https:\/\/api.w.org\/{rel}","templated":true}]}}